{"id":977,"date":"2020-07-21T15:22:17","date_gmt":"2020-07-21T15:22:17","guid":{"rendered":"https:\/\/arabianbetting.com\/?page_id=977"},"modified":"2021-04-27T06:55:31","modified_gmt":"2021-04-27T06:55:31","slug":"pays","status":"publish","type":"page","link":"https:\/\/arabianbetting.com\/fr\/pays\/","title":{"rendered":"Pays"},"content":{"rendered":"<section id=\"section-hero\" class=\"\">\n    <div class=\"container bg-full bg-full-hero\">\n        <div class=\"row align-items-center h-100 pt-lg-6 pb-lg-5 py-4\">\n                            <div class=\"col-lg-2\"><\/div>\n                        <div class=\"col-12 order-lg-0 order-2 text-center\n                 col-lg-8 align-content-center \">\n                <h1 class=\"pb-2 \"> Lois arabes sur les paris par pays<\/h1>\n                <div class=\"\" id=\"herotext-2427155780\">\n                                            <p class=\"collapse hero-text\" id=\"collapsed_text\" aria-expanded=\"false\">Les lois entourant le jeu dans notre r\u00e9gion peuvent varier consid\u00e9rablement d\u2019un \u00c9tat \u00e0 l\u2019autre, et il est essentiel de savoir exactement votre position selon votre pays en particulier concernant les paris avec les bookmakers locaux et avec les bookmakers et casinos en ligne.\r\n\r\nNous prenons la l\u00e9galit\u00e9 et la s\u00e9curit\u00e9 tr\u00e8s au s\u00e9rieux sur ce site, et nos sp\u00e9cialistes ont soigneusement compil\u00e9 des comptes rendus d\u00e9taill\u00e9s sur la l\u00e9gislation, les peines potentielles et les limitations de jeu en vigueurs en Algerie, au Maroc, en Tunisie et au Liban. Avant de commencer \u00e0 utiliser un bookmaker ou un casino en ligne pour votre propre divertissement, nous vous recommandons fortement de consulter la page relative \u00e0 votre pays afin de vous assurer d\u2019utiliser tous les moyens disponibles pour vous prot\u00e9ger contre les poursuites ainsi que pour vous assurer que votre s\u00e9curit\u00e9 est garantie lorsque vous jouez en ligne.<\/p>\n                        <div class=\"text-center w-100 text-primary\">\n                            <a role=\"button\" class=\"collapsed\" data-toggle=\"collapse\" href=\"#collapsed_text\" onclick=\"show_more_less(this)\"\n                                                          aria-expanded=\"false\" aria-controls=\"collapsed_text\">\n                                <span class=\"show_more_text\" style=\"\">Montrer plus<\/span>\n                                <span class=\"show_less_text\" style=\"display: none\">Lirer moins<\/span>\n                            <\/a><\/div>\n                                    <\/div>\n                <div class=\"d-block d-xl-block pt-3\">\n    <ul class=\"list-hero m-0 px-0\">\n              <li class=\"hero-check py-1\">Trouvez des renseignements actualis\u00e9s sur les lois relatives aux jeux d &#039;argent dans les pays arabes<\/li>\n              <li class=\"hero-check py-1\">Consultez nos guides des paris et jeux en ligne d\u00e9di\u00e9es aux parieurs<\/li>\n              <li class=\"hero-check py-1\">Apprenez \u00e0 jouer aux jeux en ligne de fa\u00e7on facile et en s\u00e9curit\u00e9<\/li>\n          <\/ul>\n  <\/div>\n                                            <\/div>\n                    <\/div>\n\n                                    <\/div>\n<\/section>\n    <style>\n        #herotext-2427155780 #collapsed_text.collapse:not(.show) {\n            display: block;\n            height: 7.25em;\n            overflow: hidden;\n        }\n\n        #herotext-2427155780 #collapsed_text.collapsing {\n            height: 7.25em;\n        }\n    <\/style>\n<script>\n    function show_more_less(ova){\n        let closed = ova.getAttribute('aria-expanded');\n        if (closed==='false') {\n            jQuery(ova).find('.show_more_text').hide();\n            jQuery(ova).find('.show_less_text').show();\n        } else {\n            jQuery(ova).find('.show_more_text').show();\n            jQuery(ova).find('.show_less_text').hide();\n        }\n    }\n<\/script>\n\n\n\n<section id=\"section-country-cards\" class=\"\">\n    <div class=\"bg-full-cards pt-5 pb-3\">\n        <div class=\"row\">\n                                <\/div>\n        <div class=\"row\">\n                            <div class=\"col-12 col-lg-4 my-lg-3 mb-4\">\n                    <div class=\"card text-center py-2 h-100 bg-country-card border-golden-border\">\n                        <div class=\"row\">\n                            <div class=\"col-6 d-flex my-auto card-image\">\n                                <img decoding=\"async\" class=\"card-img-top custom-img-card\" src=\"https:\/\/arabianbetting.com\/app\/uploads\/2020\/07\/hero-algeria2x.png\" alt=\"Algeria Online Casinos\">\n                            <\/div>\n                            <div class=\"col-6\">\n                                <div class=\"card-body text-left\">\n                                    <div class=\"row h-50\">\n                                        <div class=\"col-12\">\n                                            <h6 class=\"card-title\">Algerie<\/h6>\n                                        <\/div>\n                                    <\/div>\n                                    <div class=\"row h-50\">\n                                        <div class=\"col-12\">\n                                                                                            <a class=\"card-page-link d-block text-casino-information-link mb-1\" href=\"https:\/\/arabianbetting.com\/fr\/pays\/paris-sportifs-en-ligne-en-algerie\/\" target=\"\" title=\"Paris Sportifs\">\n                                                    <u>Paris Sportifs<\/u>\n                                                <\/a>\n                                                                                                                                        <a class=\"card-page-link d-block text-casino-information-link mb-1\" href=\"https:\/\/arabianbetting.com\/fr\/pays\/casino-en-algerie\/\" target=\"\" title=\"Casinos en Ligne\">\n                                                    <u>Casinos en Ligne<\/u>\n                                                <\/a>\n                                                                                    <\/div>\n                                    <\/div>\n                                <\/div>\n                            <\/div>\n                        <\/div>\n                    <\/div>\n                <\/div>\n                            <div class=\"col-12 col-lg-4 my-lg-3 mb-4\">\n                    <div class=\"card text-center py-2 h-100 bg-country-card border-golden-border\">\n                        <div class=\"row\">\n                            <div class=\"col-6 d-flex my-auto card-image\">\n                                <img decoding=\"async\" class=\"card-img-top custom-img-card\" src=\"https:\/\/arabianbetting.com\/app\/uploads\/2020\/07\/hero-lebanon2x.png\" alt=\"Lebanon Online Casinos\">\n                            <\/div>\n                            <div class=\"col-6\">\n                                <div class=\"card-body text-left\">\n                                    <div class=\"row h-50\">\n                                        <div class=\"col-12\">\n                                            <h6 class=\"card-title\">Lebanon<\/h6>\n                                        <\/div>\n                                    <\/div>\n                                    <div class=\"row h-50\">\n                                        <div class=\"col-12\">\n                                                                                            <a class=\"card-page-link d-block text-casino-information-link mb-1\" href=\"https:\/\/arabianbetting.com\/fr\/pays\/paris-sportifs-en-ligne-au-liban\/\" target=\"\" title=\"Paris Sportifs\">\n                                                    <u>Paris Sportifs<\/u>\n                                                <\/a>\n                                                                                                                                        <a class=\"card-page-link d-block text-casino-information-link mb-1\" href=\"https:\/\/arabianbetting.com\/fr\/pays\/casinos-en-ligne-au-liban\/\" target=\"\" title=\"Casinos en Ligne\">\n                                                    <u>Casinos en Ligne<\/u>\n                                                <\/a>\n                                                                                    <\/div>\n                                    <\/div>\n                                <\/div>\n                            <\/div>\n                        <\/div>\n                    <\/div>\n                <\/div>\n                            <div class=\"col-12 col-lg-4 my-lg-3 mb-4\">\n                    <div class=\"card text-center py-2 h-100 bg-country-card border-golden-border\">\n                        <div class=\"row\">\n                            <div class=\"col-6 d-flex my-auto card-image\">\n                                <img decoding=\"async\" class=\"card-img-top custom-img-card\" src=\"https:\/\/arabianbetting.com\/app\/uploads\/2020\/07\/hero-morocco2x.png\" alt=\"Morocco Online Casinos\">\n                            <\/div>\n                            <div class=\"col-6\">\n                                <div class=\"card-body text-left\">\n                                    <div class=\"row h-50\">\n                                        <div class=\"col-12\">\n                                            <h6 class=\"card-title\">Maroc<\/h6>\n                                        <\/div>\n                                    <\/div>\n                                    <div class=\"row h-50\">\n                                        <div class=\"col-12\">\n                                                                                            <a class=\"card-page-link d-block text-casino-information-link mb-1\" href=\"https:\/\/arabianbetting.com\/fr\/pays\/paris-sportifs-au-maroc\/\" target=\"\" title=\"Paris Sportifs\">\n                                                    <u>Paris Sportifs<\/u>\n                                                <\/a>\n                                                                                                                                        <a class=\"card-page-link d-block text-casino-information-link mb-1\" href=\"https:\/\/arabianbetting.com\/fr\/pays\/casinos-en-ligne-au-maroc\/\" target=\"\" title=\"Casinos en Ligne\">\n                                                    <u>Casinos en Ligne<\/u>\n                                                <\/a>\n                                                                                    <\/div>\n                                    <\/div>\n                                <\/div>\n                            <\/div>\n                        <\/div>\n                    <\/div>\n                <\/div>\n                            <div class=\"col-12 col-lg-4 my-lg-3 mb-4\">\n                    <div class=\"card text-center py-2 h-100 bg-country-card border-golden-border\">\n                        <div class=\"row\">\n                            <div class=\"col-6 d-flex my-auto card-image\">\n                                <img decoding=\"async\" class=\"card-img-top custom-img-card\" src=\"https:\/\/arabianbetting.com\/app\/uploads\/2020\/07\/hero-tunisia2x.png\" alt=\"Tunisia Online Casinos\">\n                            <\/div>\n                            <div class=\"col-6\">\n                                <div class=\"card-body text-left\">\n                                    <div class=\"row h-50\">\n                                        <div class=\"col-12\">\n                                            <h6 class=\"card-title\">Tunisie<\/h6>\n                                        <\/div>\n                                    <\/div>\n                                    <div class=\"row h-50\">\n                                        <div class=\"col-12\">\n                                                                                            <a class=\"card-page-link d-block text-casino-information-link mb-1\" href=\"https:\/\/arabianbetting.com\/fr\/pays\/paris-sportifs-en-ligne-en-tunisie\/\" target=\"\" title=\"Paris Sportifs\">\n                                                    <u>Paris Sportifs<\/u>\n                                                <\/a>\n                                                                                                                                        <a class=\"card-page-link d-block text-casino-information-link mb-1\" href=\"https:\/\/arabianbetting.com\/fr\/pays\/casinos-en-ligne-tunisie\/\" target=\"\" title=\"Casinos en Ligne\">\n                                                    <u>Casinos en Ligne<\/u>\n                                                <\/a>\n                                                                                    <\/div>\n                                    <\/div>\n                                <\/div>\n                            <\/div>\n                        <\/div>\n                    <\/div>\n                <\/div>\n                    <\/div>\n    <\/div>\n<\/section>\n\n\n\n<h2 class=\"wp-block-heading\">Paris hors ligne (physiques)<\/h2>\n\n\n\n<p>Bien que notre site est d\u00e9di\u00e9 aux jeux en ligne, il n\u2019existe que peu de fa\u00e7ons l\u00e9gales de parier dans notre r\u00e9gion, et, bien entendu, il y a des op\u00e9rateurs locaux permettant de parier sur des \u00e9v\u00e9nements sportifs ainsi que des maisons de jeu ill\u00e9gales qui se feront un plaisir \u00e0 prendre votre argent.<\/p>\n\n\n\n<p>Les paris sont g\u00e9n\u00e9ralement ill\u00e9gaux \u00e0 travers la r\u00e9gion, mais il existe certaines exceptions notables, telles que les courses de chevaux en Arabie Saoudite. Les coupons SR5 sont li\u00e9s aux prix d&#8217;admission, et les visiteurs sont peuvent placer leur coupon dans une corbeille en faveur du cheval qu\u2019ils pensent vainqueur. De cette corbeille sera tir\u00e9 un gagnant qui recevra un prix en cash. C&#8217;est cependant l&#8217;un des tr\u00e8s rares types de paris tol\u00e9r\u00e9s, et la plupart des autres formes sont interdites.<\/p>\n\n\n\n<p>Nous ne soulignerons jamais assez combien il est important d&#8217;\u00e9viter les bookmakers locaux underground. M\u00eame s\u2019ils semblent assez secrets pour \u00e9viter les autorit\u00e9s, les cotes sont g\u00e9n\u00e9ralement tr\u00e8s faibles et ces op\u00e9rateurs peu scrupuleux ne sont absolument pas r\u00e9glement\u00e9s, ce qui signifie qu\u2019il n&#8217;y a aucune garantie que vous puissiez r\u00e9cup\u00e9rer vos gains \u00e9ventuels.<\/p>\n\n\n\n<h2 class=\"wp-block-heading\">Paris en ligne<\/h2>\n\n\n\n<p>Il est beaucoup plus avantageux d&#8217;utiliser les bookmakers et les casinos \u00e0 l&#8217;\u00e9tranger, qui sont tout \u00e0 fait l\u00e9gaux et qui sont fortement r\u00e9glement\u00e9s dans leur juridiction. Ces \u00e9normes op\u00e9rateurs ont pour ligne de conduite un certain service \u00e0 la client\u00e8le ainsi que certaines r\u00e8gles d\u2019\u00e9thique afin de r\u00e9gir d\u2019une bonne r\u00e9putation et d\u2019un service de qualit\u00e9 aux clients pour des raisons juridiques, et beaucoup acceptent les joueurs de nos pays m\u00eame si les lois locales en interdisent l&#8217;utilisation.<\/p>\n\n\n\n<h2 class=\"wp-block-heading\"><strong>S\u00e9curit\u00e9<\/strong> Internet<\/h2>\n\n\n\n<p>L&#8217;un des principaux probl\u00e8mes avec l&#8217;utilisation des sites de paris en ligne est qu&#8217;ils sont souvent bloqu\u00e9s par les Fournisseurs d\u2019Acc\u00e8s Internet en vertu de la loi, et que votre activit\u00e9 sur Internet peut \u00e9galement \u00eatre enregistr\u00e9e et consult\u00e9e par les autorit\u00e9s comp\u00e9tentes.<\/p>\n\n\n\n<p>Le moyen le plus simple pour \u00e9viter ces deux aspects est d&#8217;acheminer votre connexion Internet par le biais d&#8217;un VPN pour \u00e9viter les restrictions et naviguer incognito. Un VPN achemine votre connexion internet vers un autre pays de sorte qu&#8217;il semble que vous acc\u00e9dez \u00e0 Internet \u00e0 partir de ce dernier. Votre FAI sera capable de voir que vous utilisez un VPN (ce qui est parfaitement l\u00e9gal), mais ne sera pas en mesure de voir les sites que vous visitez lors de son utilisation. Les VPN sont tr\u00e8s faciles \u00e0 utiliser, ne requi\u00e8rent pratiquement aucune expertise technique, et il en existe de nombreux. Consultez le guide relatif \u00e0 votre pays pour trouver la meilleure fa\u00e7on d&#8217;acc\u00e9der \u00e0 un r\u00e9seau priv\u00e9 virtuel (VPN).<\/p>\n\n\n\n<h2 class=\"wp-block-heading\">Paiements s\u00e9curis\u00e9s<\/h2>\n\n\n\n<p>Les jeux de hasard \u00e9tant ill\u00e9gaux dans la plupart des \u00c9tats, il peut \u00eatre difficile de transf\u00e9rer de l&#8217;argent de\/vers un casino\/bookmaker en ligne directement \u00e0 partir de votre compte bancaire. Les banques de certains pays peuvent avoir des restrictions concernant les transactions li\u00e9es aux paris, et la plupart des sites en ligne n\u2019accepteront pas de virements dans nos monnaies locales.<\/p>\n\n\n\n<p>La r\u00e9ponse la plus simple est d&#8217;utiliser un e-portefeuille en ligne ou un fournisseur de services de paiement tels que <a href=\"https:\/\/arabianbetting.com\/fr\/mode-de-paiement\/\" data-type=\"URL\" data-id=\"https:\/\/arabianbetting.com\/fr\/mode-de-paiement\/\">Neteller, Paysafecard ou Webmoney<\/a>. Vous pouvez effectuer des d\u00e9p\u00f4ts vers ces portefeuilles en ligne \u00e0 partir de votre compte bancaire, puis ensuite les utiliser pour effectuer un d\u00e9p\u00f4t sur votre compte de paris en ligne. Il n&#8217;y aura aucune trace sur votre compte bancaire reli\u00e9e \u00e0 l\u2019utilisation de vos fonds pour des jeux, et le probl\u00e8me de devise peut \u00e9galement \u00eatre contourn\u00e9 en ouvrant le compte en dollars US par exemple.<\/p>\n\n\n\n<p>Vous pouvez en savoir beaucoup plus sur la mani\u00e8re de proc\u00e9der et sur les services que nous recommandons dans nos guides d\u00e9taill\u00e9s par pays pour l\u2019Arabie saoudite, l&#8217;Iran, le Kowe\u00eft et les \u00c9mirats Arabes Unis.<\/p>\n\n\n","protected":false},"excerpt":{"rendered":"<p>Paris hors ligne (physiques) Bien que notre site est d\u00e9di\u00e9 aux jeux en ligne, il n\u2019existe que peu de fa\u00e7ons l\u00e9gales de parier dans notre r\u00e9gion, et, bien entendu, il y a des op\u00e9rateurs locaux permettant de parier sur des \u00e9v\u00e9nements sportifs ainsi que des maisons de jeu ill\u00e9gales qui se feront un plaisir \u00e0 &#8230;<\/p>\n","protected":false},"author":60,"featured_media":3469,"parent":0,"menu_order":0,"comment_status":"closed","ping_status":"closed","template":"","meta":{"footnotes":""},"class_list":["post-977","page","type-page","status-publish","has-post-thumbnail","hentry"],"acf":[],"yoast_head":"<!-- This site is optimized with the Yoast SEO plugin v24.0 - https:\/\/yoast.com\/wordpress\/plugins\/seo\/ -->\n<title>Lois des paris par pays - Guides des paris du monde arabe<\/title>\n<meta name=\"description\" content=\"D\u00e9couvrez les lois pour chaque pays arabes. Avec notre guide, d\u00e9posez et retirez votre argent en toute confiance sur les bookmakers et casinos du Maghreb.\" \/>\n<meta name=\"robots\" content=\"index, follow, max-snippet:-1, max-image-preview:large, max-video-preview:-1\" \/>\n<link rel=\"canonical\" href=\"https:\/\/arabianbetting.com\/fr\/pays\/\" \/>\n<meta property=\"og:locale\" content=\"fr_FR\" \/>\n<meta property=\"og:type\" content=\"article\" \/>\n<meta property=\"og:title\" content=\"Lois des paris par pays - Guides des paris du monde arabe\" \/>\n<meta property=\"og:description\" content=\"D\u00e9couvrez les lois pour chaque pays arabes. Avec notre guide, d\u00e9posez et retirez votre argent en toute confiance sur les bookmakers et casinos du Maghreb.\" \/>\n<meta property=\"og:url\" content=\"https:\/\/arabianbetting.com\/fr\/pays\/\" \/>\n<meta property=\"og:site_name\" content=\"Arabian Betting\" \/>\n<meta property=\"article:modified_time\" content=\"2021-04-27T06:55:31+00:00\" \/>\n<meta property=\"og:image\" content=\"https:\/\/arabianbetting.com\/app\/uploads\/2022\/12\/Screenshot-2022-11-13-at-18.40.31.png\" \/>\n\t<meta property=\"og:image:width\" content=\"578\" \/>\n\t<meta property=\"og:image:height\" content=\"300\" \/>\n\t<meta property=\"og:image:type\" content=\"image\/png\" \/>\n<meta name=\"twitter:card\" content=\"summary_large_image\" \/>\n<meta name=\"twitter:label1\" content=\"Est. reading time\" \/>\n\t<meta name=\"twitter:data1\" content=\"3 minutes\" \/>\n<!-- \/ Yoast SEO plugin. -->","yoast_head_json":{"title":"Lois des paris par pays - Guides des paris du monde arabe","description":"D\u00e9couvrez les lois pour chaque pays arabes. Avec notre guide, d\u00e9posez et retirez votre argent en toute confiance sur les bookmakers et casinos du Maghreb.","robots":{"index":"index","follow":"follow","max-snippet":"max-snippet:-1","max-image-preview":"max-image-preview:large","max-video-preview":"max-video-preview:-1"},"canonical":"https:\/\/arabianbetting.com\/fr\/pays\/","og_locale":"fr_FR","og_type":"article","og_title":"Lois des paris par pays - Guides des paris du monde arabe","og_description":"D\u00e9couvrez les lois pour chaque pays arabes. Avec notre guide, d\u00e9posez et retirez votre argent en toute confiance sur les bookmakers et casinos du Maghreb.","og_url":"https:\/\/arabianbetting.com\/fr\/pays\/","og_site_name":"Arabian Betting","article_modified_time":"2021-04-27T06:55:31+00:00","og_image":[{"width":578,"height":300,"url":"https:\/\/arabianbetting.com\/app\/uploads\/2022\/12\/Screenshot-2022-11-13-at-18.40.31.png","type":"image\/png"}],"twitter_card":"summary_large_image","twitter_misc":{"Est. reading time":"3 minutes"},"schema":{"@context":"https:\/\/schema.org","@graph":[{"@type":"WebPage","@id":"https:\/\/arabianbetting.com\/fr\/pays\/","url":"https:\/\/arabianbetting.com\/fr\/pays\/","name":"Lois des paris par pays - Guides des paris du monde arabe","isPartOf":{"@id":"https:\/\/arabianbetting.com\/#website"},"primaryImageOfPage":{"@id":"https:\/\/arabianbetting.com\/fr\/pays\/#primaryimage"},"image":{"@id":"https:\/\/arabianbetting.com\/fr\/pays\/#primaryimage"},"thumbnailUrl":"https:\/\/arabianbetting.com\/app\/uploads\/2020\/07\/casino.svg","datePublished":"2020-07-21T15:22:17+00:00","dateModified":"2021-04-27T06:55:31+00:00","description":"D\u00e9couvrez les lois pour chaque pays arabes. Avec notre guide, d\u00e9posez et retirez votre argent en toute confiance sur les bookmakers et casinos du Maghreb.","breadcrumb":{"@id":"https:\/\/arabianbetting.com\/fr\/pays\/#breadcrumb"},"inLanguage":"fr-FR","potentialAction":[{"@type":"ReadAction","target":["https:\/\/arabianbetting.com\/fr\/pays\/"]}]},{"@type":"ImageObject","inLanguage":"fr-FR","@id":"https:\/\/arabianbetting.com\/fr\/pays\/#primaryimage","url":"https:\/\/arabianbetting.com\/app\/uploads\/2020\/07\/casino.svg","contentUrl":"https:\/\/arabianbetting.com\/app\/uploads\/2020\/07\/casino.svg","caption":"casino icon"},{"@type":"BreadcrumbList","@id":"https:\/\/arabianbetting.com\/fr\/pays\/#breadcrumb","itemListElement":[{"@type":"ListItem","position":1,"name":"Home","item":"https:\/\/arabianbetting.com\/fr\/"},{"@type":"ListItem","position":2,"name":"Pays"}]},{"@type":"WebSite","@id":"https:\/\/arabianbetting.com\/#website","url":"https:\/\/arabianbetting.com\/","name":"Arabian Betting","description":"Just another WordPress site","potentialAction":[{"@type":"SearchAction","target":{"@type":"EntryPoint","urlTemplate":"https:\/\/arabianbetting.com\/?s={search_term_string}"},"query-input":{"@type":"PropertyValueSpecification","valueRequired":true,"valueName":"search_term_string"}}],"inLanguage":"fr-FR"}]}},"_links":{"self":[{"href":"https:\/\/arabianbetting.com\/fr\/wp-json\/wp\/v2\/pages\/977","targetHints":{"allow":["GET"]}}],"collection":[{"href":"https:\/\/arabianbetting.com\/fr\/wp-json\/wp\/v2\/pages"}],"about":[{"href":"https:\/\/arabianbetting.com\/fr\/wp-json\/wp\/v2\/types\/page"}],"author":[{"embeddable":true,"href":"https:\/\/arabianbetting.com\/fr\/wp-json\/wp\/v2\/users\/60"}],"replies":[{"embeddable":true,"href":"https:\/\/arabianbetting.com\/fr\/wp-json\/wp\/v2\/comments?post=977"}],"version-history":[{"count":0,"href":"https:\/\/arabianbetting.com\/fr\/wp-json\/wp\/v2\/pages\/977\/revisions"}],"wp:featuredmedia":[{"embeddable":true,"href":"https:\/\/arabianbetting.com\/fr\/wp-json\/wp\/v2\/media\/3469"}],"wp:attachment":[{"href":"https:\/\/arabianbetting.com\/fr\/wp-json\/wp\/v2\/media?parent=977"}],"curies":[{"name":"wp","href":"https:\/\/api.w.org\/{rel}","templated":true}]}}